{"id":13829,"date":"2024-12-04T14:25:09","date_gmt":"2024-12-04T14:25:09","guid":{"rendered":"https:\/\/new.unamujeralavez.com\/?page_id=13829"},"modified":"2025-01-14T22:14:29","modified_gmt":"2025-01-14T22:14:29","slug":"crowfounding","status":"publish","type":"page","link":"https:\/\/new.unamujeralavez.com\/en\/crowfounding\/","title":{"rendered":"Crowfounding"},"content":{"rendered":"<div data-elementor-type=\"wp-page\" data-elementor-id=\"13829\" class=\"elementor elementor-13829\" data-elementor-post-type=\"page\">\n\t\t\t\t\t\t<div class=\"elementor-section elementor-top-section elementor-element elementor-element-43b228a elementor-section-full_width elementor-section-stretched elementor-hidden-tablet elementor-hidden-mobile elementor-section-height-default elementor-section-height-default\" data-id=\"43b228a\" data-element_type=\"section\" data-settings=\"{&quot;stretch_section&quot;:&quot;section-stretched&quot;,&quot;background_background&quot;:&quot;classic&quot;}\">\n\t\t\t\t\t\t\t<div class=\"elementor-background-overlay\"><\/div>\n\t\t\t\t\t\t\t<div class=\"elementor-container elementor-column-gap-default\">\n\t\t\t\t\t<div class=\"elementor-column elementor-col-100 elementor-top-column elementor-element elementor-element-f88aade\" data-id=\"f88aade\" data-element_type=\"column\">\n\t\t\t<div class=\"elementor-widget-wrap elementor-element-populated\">\n\t\t\t\t\t\t<div class=\"elementor-element elementor-element-b66e201 animated-slow elementor-invisible elementor-widget elementor-widget-heading\" data-id=\"b66e201\" data-element_type=\"widget\" data-settings=\"{&quot;_animation&quot;:&quot;fadeIn&quot;}\" data-widget_type=\"heading.default\">\n\t\t\t\t\t<h2 class=\"elementor-heading-title elementor-size-default\">CROWDFUNDING<\/h2>\t\t\t\t<\/div>\n\t\t<script>\r\ndocument.addEventListener(\"DOMContentLoaded\", function() {\r\n    document.querySelectorAll(\".raffle-button\").forEach(button => {\r\n        button.addEventListener(\"click\", function() {\r\n            document.getElementById(\"raffle-list\").style.display = \"none\";\r\n            document.getElementById(\"raffle-detail\").style.display = \"block\";\r\n            document.getElementById(\"raffle-detail-title\").innerText = this.getAttribute(\"data-title\");\r\n            document.getElementById(\"raffle-detail-content\").innerText = this.getAttribute(\"data-content\");\r\n            document.getElementById(\"raffle-detail-image\").innerHTML = this.getAttribute(\"data-image\");\r\n        });\r\n    });\r\n    \r\n    document.getElementById(\"raffle-back-button\").addEventListener(\"click\", function() {\r\n        document.getElementById(\"raffle-detail\").style.display = \"none\";\r\n        document.getElementById(\"raffle-list\").style.display = \"grid\";\r\n    });\r\n});\r\n\r\n\r\ndocument.addEventListener(\"DOMContentLoaded\", function() {\r\n    document.getElementById(\"raffle-registration-form\").addEventListener(\"submit\", function(event) {\r\n        event.preventDefault();\r\n\r\n        let formData = new FormData(this);\r\n        formData.append(\"action\", \"register_participant\");\r\n        formData.append(\"raffle_id\", document.querySelector(\".raffle-button\").getAttribute(\"data-id\"));\r\n\r\n        fetch(\"https:\/\/new.unamujeralavez.com\/wp-admin\/admin-ajax.php\", {\r\n            method: \"POST\",\r\n            body: formData\r\n        })\r\n        .then(response => response.json())\r\n        .then(data => {\r\n            let messageBox = document.createElement(\"p\");\r\n            messageBox.style.marginTop = \"10px\";\r\n            if (data.success) {\r\n                messageBox.style.color = \"green\";\r\n                messageBox.innerText = data.message;\r\n                document.getElementById(\"raffle-registration-form\").reset();\r\n            } else {\r\n                messageBox.style.color = \"red\";\r\n                messageBox.innerText = data.message;\r\n            }\r\n            document.getElementById(\"raffle-registration-form\").appendChild(messageBox);\r\n        })\r\n        .catch(error => console.error(\"Error:\", error));\r\n    });\r\n});\r\n<\/script>\t\t<div class=\"elementor-element elementor-element-0d39448 animated-slow elementor-invisible elementor-widget elementor-widget-text-editor\" data-id=\"0d39448\" data-element_type=\"widget\" data-settings=\"{&quot;_animation&quot;:&quot;fadeIn&quot;}\" data-widget_type=\"text-editor.default\">\n\t\t\t\t\t\t\t\t\t<p>\u00bfEst\u00e1s lista para hacer crecer tu emprendimiento de la mano de una comunidad de mujeres emprendedoras? En <strong>Una Mujer a la Vez<\/strong>, te ofrecemos la oportunidad de ser parte de nuestra sesiones de <strong>crowdfunding<\/strong>, dise\u00f1adas para ayudar a emprendedoras como t\u00fa a financiar y hacer crecer sus proyectos.<\/p><p>Al unirte a nuestra membres\u00eda, podr\u00e1s participar en nuestras exclusivas sesiones de <strong>crowdfunding<\/strong> donde te brindaremos las herramientas y el acompa\u00f1amiento necesario para lanzar tu campa\u00f1a, conseguir apoyo y llevar tu negocio al siguiente nivel.<\/p><p><strong>\u00bfPor qu\u00e9 unirte?<\/strong><\/p><ul><li><strong>Accede a estrategias efectivas<\/strong> para captar fondos para tu emprendimiento.<\/li><li><strong>Conoce historias inspiradoras<\/strong> de mujeres que ya han logrado financiar sus proyectos.<\/li><li><strong>Recibe el acompa\u00f1amiento de expertos<\/strong> que te guiar\u00e1n paso a paso en el proceso.<\/li><\/ul><p>No est\u00e1s sola en este camino, \u00a1y juntas podemos alcanzar grandes logros!<\/p>\t\t\t\t\t\t\t\t<\/div>\n\t\t\t\t<div class=\"elementor-element elementor-element-bf920a0 elementor-align-center elementor-widget elementor-widget-button\" data-id=\"bf920a0\" data-element_type=\"widget\" data-widget_type=\"button.default\">\n\t\t\t\t\t\t\t\t\t\t<a class=\"elementor-button elementor-button-link elementor-size-sm\" href=\"\/en\/membresia\/\">\n\t\t\t\t\t\t<span class=\"elementor-button-content-wrapper\">\n\t\t\t\t\t\t\t\t\t<span class=\"elementor-button-text\">Haz clic aqu\u00ed para unirte a la membres\u00eda y<br \/>participar en nuestras sesiones de crowdfunding<\/span>\n\t\t\t\t\t<\/span>\n\t\t\t\t\t<\/a>\n\t\t\t\t\t\t\t\t<\/div>\n\t\t\t\t\t<\/div>\n\t\t<\/div>\n\t\t\t\t\t<\/div>\n\t\t<\/div>\n\t\t\t\t<div class=\"elementor-section elementor-top-section elementor-element elementor-element-9927f97 elementor-section-full_width elementor-section-stretched elementor-hidden-tablet elementor-hidden-desktop elementor-section-height-default elementor-section-height-default\" data-id=\"9927f97\" data-element_type=\"section\" data-settings=\"{&quot;stretch_section&quot;:&quot;section-stretched&quot;,&quot;background_background&quot;:&quot;classic&quot;}\">\n\t\t\t\t\t\t\t<div class=\"elementor-background-overlay\"><\/div>\n\t\t\t\t\t\t\t<div class=\"elementor-container elementor-column-gap-default\">\n\t\t\t\t\t<div class=\"elementor-column elementor-col-100 elementor-top-column elementor-element elementor-element-9e3cffa\" data-id=\"9e3cffa\" data-element_type=\"column\">\n\t\t\t<div class=\"elementor-widget-wrap elementor-element-populated\">\n\t\t\t\t\t\t<div class=\"elementor-element elementor-element-b249916 animated-slow elementor-invisible elementor-widget elementor-widget-heading\" data-id=\"b249916\" data-element_type=\"widget\" data-settings=\"{&quot;_animation&quot;:&quot;fadeIn&quot;}\" data-widget_type=\"heading.default\">\n\t\t\t\t\t<h2 class=\"elementor-heading-title elementor-size-default\">CROWDFUNDING<\/h2>\t\t\t\t<\/div>\n\t\t\t\t<div class=\"elementor-element elementor-element-ba71c72 animated-slow elementor-invisible elementor-widget elementor-widget-text-editor\" data-id=\"ba71c72\" data-element_type=\"widget\" data-settings=\"{&quot;_animation&quot;:&quot;fadeIn&quot;}\" data-widget_type=\"text-editor.default\">\n\t\t\t\t\t\t\t\t\t<p>\u00bfEst\u00e1s lista para hacer crecer tu emprendimiento de la mano de una comunidad de mujeres emprendedoras? En <strong>Una Mujer a la Vez<\/strong>, te ofrecemos la oportunidad de ser parte de nuestra sesiones de <strong>crowdfunding<\/strong>, dise\u00f1adas para ayudar a emprendedoras como t\u00fa a financiar y hacer crecer sus proyectos.<\/p><p>Al unirte a nuestra membres\u00eda, podr\u00e1s participar en nuestras exclusivas sesiones de <strong>crowdfunding<\/strong> donde te brindaremos las herramientas y el acompa\u00f1amiento necesario para lanzar tu campa\u00f1a, conseguir apoyo y llevar tu negocio al siguiente nivel.<\/p><p><strong>\u00bfPor qu\u00e9 unirte?<\/strong><\/p><ul><li><strong>Accede a estrategias efectivas<\/strong> para captar fondos para tu emprendimiento.<\/li><li><strong>Conoce historias inspiradoras<\/strong> de mujeres que ya han logrado financiar sus proyectos.<\/li><li><strong>Recibe el acompa\u00f1amiento de expertos<\/strong> que te guiar\u00e1n paso a paso en el proceso.<\/li><\/ul><p>No est\u00e1s sola en este camino, \u00a1y juntas podemos alcanzar grandes logros!<\/p>\t\t\t\t\t\t\t\t<\/div>\n\t\t\t\t<div class=\"elementor-element elementor-element-31b21c7 elementor-align-center elementor-widget elementor-widget-button\" data-id=\"31b21c7\" data-element_type=\"widget\" data-widget_type=\"button.default\">\n\t\t\t\t\t\t\t\t\t\t<a class=\"elementor-button elementor-button-link elementor-size-sm\" href=\"\/en\/membresia\/\">\n\t\t\t\t\t\t<span class=\"elementor-button-content-wrapper\">\n\t\t\t\t\t\t\t\t\t<span class=\"elementor-button-text\">Haz clic aqu\u00ed<br \/>para unirte a la membres\u00eda y<br \/>participar en nuestras<br \/>sesiones de crowdfunding<\/span>\n\t\t\t\t\t<\/span>\n\t\t\t\t\t<\/a>\n\t\t\t\t\t\t\t\t<\/div>\n\t\t\t\t\t<\/div>\n\t\t<\/div>\n\t\t\t\t\t<\/div>\n\t\t<\/div>\n\t\t\t\t<\/div>","protected":false},"excerpt":{"rendered":"<p>CROWDFUNDING \u00bfEst\u00e1s lista para hacer crecer tu emprendimiento de la mano de una comunidad de mujeres emprendedoras? En Una Mujer a la Vez, te ofrecemos la oportunidad de ser parte de nuestra sesiones de crowdfunding, dise\u00f1adas para ayudar a emprendedoras como t\u00fa a financiar y hacer crecer sus proyectos. Al unirte a nuestra membres\u00eda, podr\u00e1s&#8230;<\/p>","protected":false},"author":1,"featured_media":0,"parent":0,"menu_order":0,"comment_status":"closed","ping_status":"closed","template":"elementor_header_footer","meta":{"_tbt_post_transparent":"","_tbt_post_title":"","_tbt_post_layout":"","_tbt_post_sidebar_id":"","_tbt_post_content_style":"","_tbt_post_vertical_padding":"","_tbt_post_feature":"","_tbt_post_feature_position":"","_tbt_post_header":false,"_tbt_post_footer":false,"_joinchat":[]},"class_list":["post-13829","page","type-page","status-publish","hentry"],"yoast_head":"<!-- This site is optimized with the Yoast SEO plugin v24.5 - https:\/\/yoast.com\/wordpress\/plugins\/seo\/ -->\n<title>Crowfounding - Una mujer a la vez<\/title>\n<meta name=\"robots\" content=\"index, follow, max-snippet:-1, max-image-preview:large, max-video-preview:-1\" \/>\n<link rel=\"canonical\" href=\"https:\/\/new.unamujeralavez.com\/en\/crowfounding\/\" \/>\n<meta property=\"og:locale\" content=\"en_US\" \/>\n<meta property=\"og:type\" content=\"article\" \/>\n<meta property=\"og:title\" content=\"Crowfounding - Una mujer a la vez\" \/>\n<meta property=\"og:description\" content=\"CROWDFUNDING \u00bfEst\u00e1s lista para hacer crecer tu emprendimiento de la mano de una comunidad de mujeres emprendedoras? En Una Mujer a la Vez, te ofrecemos la oportunidad de ser parte de nuestra sesiones de crowdfunding, dise\u00f1adas para ayudar a emprendedoras como t\u00fa a financiar y hacer crecer sus proyectos. Al unirte a nuestra membres\u00eda, podr\u00e1s...\" \/>\n<meta property=\"og:url\" content=\"https:\/\/new.unamujeralavez.com\/en\/crowfounding\/\" \/>\n<meta property=\"og:site_name\" content=\"Una mujer a la vez\" \/>\n<meta property=\"article:modified_time\" content=\"2025-01-14T22:14:29+00:00\" \/>\n<meta name=\"twitter:card\" content=\"summary_large_image\" \/>\n<meta name=\"twitter:label1\" content=\"Est. reading time\" \/>\n\t<meta name=\"twitter:data1\" content=\"2 minutes\" \/>\n<script type=\"application\/ld+json\" class=\"yoast-schema-graph\">{\"@context\":\"https:\/\/schema.org\",\"@graph\":[{\"@type\":\"WebPage\",\"@id\":\"https:\/\/new.unamujeralavez.com\/crowfounding\/\",\"url\":\"https:\/\/new.unamujeralavez.com\/crowfounding\/\",\"name\":\"Crowfounding - Una mujer a la vez\",\"isPartOf\":{\"@id\":\"https:\/\/new.unamujeralavez.com\/#website\"},\"datePublished\":\"2024-12-04T14:25:09+00:00\",\"dateModified\":\"2025-01-14T22:14:29+00:00\",\"breadcrumb\":{\"@id\":\"https:\/\/new.unamujeralavez.com\/crowfounding\/#breadcrumb\"},\"inLanguage\":\"en-US\",\"potentialAction\":[{\"@type\":\"ReadAction\",\"target\":[\"https:\/\/new.unamujeralavez.com\/crowfounding\/\"]}]},{\"@type\":\"BreadcrumbList\",\"@id\":\"https:\/\/new.unamujeralavez.com\/crowfounding\/#breadcrumb\",\"itemListElement\":[{\"@type\":\"ListItem\",\"position\":1,\"name\":\"Home\",\"item\":\"https:\/\/new.unamujeralavez.com\/\"},{\"@type\":\"ListItem\",\"position\":2,\"name\":\"Crowfounding\"}]},{\"@type\":\"WebSite\",\"@id\":\"https:\/\/new.unamujeralavez.com\/#website\",\"url\":\"https:\/\/new.unamujeralavez.com\/\",\"name\":\"Una mujer a la vez\",\"description\":\"\",\"publisher\":{\"@id\":\"https:\/\/new.unamujeralavez.com\/#organization\"},\"potentialAction\":[{\"@type\":\"SearchAction\",\"target\":{\"@type\":\"EntryPoint\",\"urlTemplate\":\"https:\/\/new.unamujeralavez.com\/?s={search_term_string}\"},\"query-input\":{\"@type\":\"PropertyValueSpecification\",\"valueRequired\":true,\"valueName\":\"search_term_string\"}}],\"inLanguage\":\"en-US\"},{\"@type\":\"Organization\",\"@id\":\"https:\/\/new.unamujeralavez.com\/#organization\",\"name\":\"Una mujer a la vez\",\"url\":\"https:\/\/new.unamujeralavez.com\/\",\"logo\":{\"@type\":\"ImageObject\",\"inLanguage\":\"en-US\",\"@id\":\"https:\/\/new.unamujeralavez.com\/#\/schema\/logo\/image\/\",\"url\":\"https:\/\/new.unamujeralavez.com\/wp-content\/uploads\/2024\/07\/logo-color.png\",\"contentUrl\":\"https:\/\/new.unamujeralavez.com\/wp-content\/uploads\/2024\/07\/logo-color.png\",\"width\":300,\"height\":180,\"caption\":\"Una mujer a la vez\"},\"image\":{\"@id\":\"https:\/\/new.unamujeralavez.com\/#\/schema\/logo\/image\/\"}}]}<\/script>\n<!-- \/ Yoast SEO plugin. -->","yoast_head_json":{"title":"Crowfounding - Una mujer a la vez","robots":{"index":"index","follow":"follow","max-snippet":"max-snippet:-1","max-image-preview":"max-image-preview:large","max-video-preview":"max-video-preview:-1"},"canonical":"https:\/\/new.unamujeralavez.com\/en\/crowfounding\/","og_locale":"en_US","og_type":"article","og_title":"Crowfounding - Una mujer a la vez","og_description":"CROWDFUNDING \u00bfEst\u00e1s lista para hacer crecer tu emprendimiento de la mano de una comunidad de mujeres emprendedoras? En Una Mujer a la Vez, te ofrecemos la oportunidad de ser parte de nuestra sesiones de crowdfunding, dise\u00f1adas para ayudar a emprendedoras como t\u00fa a financiar y hacer crecer sus proyectos. Al unirte a nuestra membres\u00eda, podr\u00e1s...","og_url":"https:\/\/new.unamujeralavez.com\/en\/crowfounding\/","og_site_name":"Una mujer a la vez","article_modified_time":"2025-01-14T22:14:29+00:00","twitter_card":"summary_large_image","twitter_misc":{"Est. reading time":"2 minutes"},"schema":{"@context":"https:\/\/schema.org","@graph":[{"@type":"WebPage","@id":"https:\/\/new.unamujeralavez.com\/crowfounding\/","url":"https:\/\/new.unamujeralavez.com\/crowfounding\/","name":"Crowfounding - Una mujer a la vez","isPartOf":{"@id":"https:\/\/new.unamujeralavez.com\/#website"},"datePublished":"2024-12-04T14:25:09+00:00","dateModified":"2025-01-14T22:14:29+00:00","breadcrumb":{"@id":"https:\/\/new.unamujeralavez.com\/crowfounding\/#breadcrumb"},"inLanguage":"en-US","potentialAction":[{"@type":"ReadAction","target":["https:\/\/new.unamujeralavez.com\/crowfounding\/"]}]},{"@type":"BreadcrumbList","@id":"https:\/\/new.unamujeralavez.com\/crowfounding\/#breadcrumb","itemListElement":[{"@type":"ListItem","position":1,"name":"Home","item":"https:\/\/new.unamujeralavez.com\/"},{"@type":"ListItem","position":2,"name":"Crowfounding"}]},{"@type":"WebSite","@id":"https:\/\/new.unamujeralavez.com\/#website","url":"https:\/\/new.unamujeralavez.com\/","name":"Una mujer a la vez","description":"","publisher":{"@id":"https:\/\/new.unamujeralavez.com\/#organization"},"potentialAction":[{"@type":"SearchAction","target":{"@type":"EntryPoint","urlTemplate":"https:\/\/new.unamujeralavez.com\/?s={search_term_string}"},"query-input":{"@type":"PropertyValueSpecification","valueRequired":true,"valueName":"search_term_string"}}],"inLanguage":"en-US"},{"@type":"Organization","@id":"https:\/\/new.unamujeralavez.com\/#organization","name":"Una mujer a la vez","url":"https:\/\/new.unamujeralavez.com\/","logo":{"@type":"ImageObject","inLanguage":"en-US","@id":"https:\/\/new.unamujeralavez.com\/#\/schema\/logo\/image\/","url":"https:\/\/new.unamujeralavez.com\/wp-content\/uploads\/2024\/07\/logo-color.png","contentUrl":"https:\/\/new.unamujeralavez.com\/wp-content\/uploads\/2024\/07\/logo-color.png","width":300,"height":180,"caption":"Una mujer a la vez"},"image":{"@id":"https:\/\/new.unamujeralavez.com\/#\/schema\/logo\/image\/"}}]}},"_links":{"self":[{"href":"https:\/\/new.unamujeralavez.com\/en\/wp-json\/wp\/v2\/pages\/13829","targetHints":{"allow":["GET"]}}],"collection":[{"href":"https:\/\/new.unamujeralavez.com\/en\/wp-json\/wp\/v2\/pages"}],"about":[{"href":"https:\/\/new.unamujeralavez.com\/en\/wp-json\/wp\/v2\/types\/page"}],"author":[{"embeddable":true,"href":"https:\/\/new.unamujeralavez.com\/en\/wp-json\/wp\/v2\/users\/1"}],"replies":[{"embeddable":true,"href":"https:\/\/new.unamujeralavez.com\/en\/wp-json\/wp\/v2\/comments?post=13829"}],"version-history":[{"count":19,"href":"https:\/\/new.unamujeralavez.com\/en\/wp-json\/wp\/v2\/pages\/13829\/revisions"}],"predecessor-version":[{"id":14894,"href":"https:\/\/new.unamujeralavez.com\/en\/wp-json\/wp\/v2\/pages\/13829\/revisions\/14894"}],"wp:attachment":[{"href":"https:\/\/new.unamujeralavez.com\/en\/wp-json\/wp\/v2\/media?parent=13829"}],"curies":[{"name":"wp","href":"https:\/\/api.w.org\/{rel}","templated":true}]}}